{"id":29638,"date":"2024-02-20T15:25:28","date_gmt":"2024-02-20T20:25:28","guid":{"rendered":"https:\/\/aqpf.qc.ca\/?post_type=product&#038;p=29638"},"modified":"2025-05-26T11:42:02","modified_gmt":"2025-05-26T15:42:02","slug":"cahiers-mai-2024-option-c-une-page-interieure","status":"publish","type":"product","link":"https:\/\/aqpf.qc.ca\/en\/abonnement\/cahiers-mai-2024-option-c-une-page-interieure\/","title":{"rendered":"Cahiers Mai 2024 &#8211; Option C : Une page int\u00e9rieure"},"content":{"rendered":"<p>Il est possible de r\u00e9server un espace publicitaire dans les diff\u00e9rents v\u00e9hicules de promotion du congr\u00e8s.<\/p>\n<p>Les <em>Cahiers<\/em>\u00a0<em>de l\u2019AQPF<\/em> sont publi\u00e9s en mai et en novembre, distribu\u00e9s \u00e0 tous les membres de l\u2019Association et archiv\u00e9s sur notre site.<\/p>\n<ul>\n<li>Les taxes ne sont pas incluses dans les prix mentionn\u00e9s ;<\/li>\n<li>Toutes les publicit\u00e9s devront \u00eatre approuv\u00e9es avant publication ;<\/li>\n<li>Aucune possibilit\u00e9 d\u2019annulation ni de remboursement au-del\u00e0 de 30 jours avant la date de tomb\u00e9e des annonces ;<\/li>\n<li>Les annonceurs recevront un exemplaire justificatif de la publication ;<\/li>\n<li>Dans les Cahiers de l\u2019AQPF, toutes les pages sont en couleurs.<\/li>\n<\/ul>\n<p>Notre revue professionnelle <em>Les Cahiers de l\u2019AQPF<\/em><br \/>\nDate de tomb\u00e9e pour la publication du printemps 2024 : 12 mars 2024<\/p>\n","protected":false},"excerpt":{"rendered":"<p>Espace publicitaire dans les diff\u00e9rents v\u00e9hicules de promotion du congr\u00e8s<\/p>\n","protected":false},"featured_media":0,"template":"","meta":{"_acf_changed":false},"product_brand":[],"product_cat":[574,509],"product_tag":[575],"class_list":{"0":"post-29638","1":"product","2":"type-product","3":"status-publish","5":"product_cat-574","6":"product_cat-cahier","7":"product_tag-575","8":"member-discount","9":"discount-restricted","11":"first","12":"outofstock","13":"virtual","14":"sold-individually","15":"taxable","16":"purchasable","17":"product-type-simple"},"composite_layout":"","composite_add_to_cart_form_location":"","composite_editable_in_cart":false,"composite_sold_individually_context":"","composite_shop_price_calc":"","composite_components":[],"composite_scenarios":[],"acf":[],"_links":{"self":[{"href":"https:\/\/aqpf.qc.ca\/en\/wp-json\/wp\/v2\/product\/29638","targetHints":{"allow":["GET"]}}],"collection":[{"href":"https:\/\/aqpf.qc.ca\/en\/wp-json\/wp\/v2\/product"}],"about":[{"href":"https:\/\/aqpf.qc.ca\/en\/wp-json\/wp\/v2\/types\/product"}],"wp:attachment":[{"href":"https:\/\/aqpf.qc.ca\/en\/wp-json\/wp\/v2\/media?parent=29638"}],"wp:term":[{"taxonomy":"product_brand","embeddable":true,"href":"https:\/\/aqpf.qc.ca\/en\/wp-json\/wp\/v2\/product_brand?post=29638"},{"taxonomy":"product_cat","embeddable":true,"href":"https:\/\/aqpf.qc.ca\/en\/wp-json\/wp\/v2\/product_cat?post=29638"},{"taxonomy":"product_tag","embeddable":true,"href":"https:\/\/aqpf.qc.ca\/en\/wp-json\/wp\/v2\/product_tag?post=29638"}],"curies":[{"name":"wp","href":"https:\/\/api.w.org\/{rel}","templated":true}]}}