{"id":29689,"date":"2024-03-13T14:58:58","date_gmt":"2024-03-13T18:58:58","guid":{"rendered":"https:\/\/aqpf.qc.ca\/?post_type=product&#038;p=29689"},"modified":"2025-01-15T14:20:14","modified_gmt":"2025-01-15T19:20:14","slug":"cahiers-novembre-2024-option-b-la-3e-de-couverture-pleine-page","status":"publish","type":"product","link":"https:\/\/aqpf.qc.ca\/en\/abonnement\/cahiers-novembre-2024-option-b-la-3e-de-couverture-pleine-page\/","title":{"rendered":"Cahiers novembre 2024 &#8211; Option B : La 3e de couverture, pleine page"},"content":{"rendered":"<p>Il est possible de r\u00e9server un espace publicitaire dans les diff\u00e9rents v\u00e9hicules de promotion du congr\u00e8s.<\/p>\n<p>Les <em>Cahiers<\/em>\u00a0<em>de l\u2019AQPF<\/em> sont publi\u00e9s en mai et en novembre, distribu\u00e9s \u00e0 tous les membres de l\u2019Association et archiv\u00e9s sur notre site.<\/p>\n<ul>\n<li>Les taxes ne sont pas incluses dans les prix mentionn\u00e9s ;<\/li>\n<li>Toutes les publicit\u00e9s devront \u00eatre approuv\u00e9es avant publication ;<\/li>\n<li>Aucune possibilit\u00e9 d\u2019annulation ni de remboursement au-del\u00e0 de 30 jours avant la date de tomb\u00e9e des annonces ;<\/li>\n<li>Les annonceurs recevront un exemplaire justificatif de la publication ;<\/li>\n<li>Dans les Cahiers de l\u2019AQPF, toutes les pages sont en couleurs.<\/li>\n<\/ul>\n<p>Notre revue professionnelle <em>Les Cahiers de l\u2019AQPF<\/em><br \/>\nDate de tomb\u00e9e pour la publication de l&#8217;automne 2024 : 29 aout 2024<\/p>\n","protected":false},"excerpt":{"rendered":"<p>Espace publicitaire dans les diff\u00e9rents v\u00e9hicules de promotion du congr\u00e8s<\/p>\n","protected":false},"featured_media":0,"template":"","meta":{"_acf_changed":false},"product_brand":[],"product_cat":[574,509],"product_tag":[575],"class_list":{"0":"post-29689","1":"product","2":"type-product","3":"status-publish","5":"product_cat-574","6":"product_cat-cahier","7":"product_tag-575","8":"member-discount","9":"discount-restricted","11":"first","12":"outofstock","13":"virtual","14":"taxable","15":"purchasable","16":"product-type-simple"},"composite_layout":"","composite_add_to_cart_form_location":"","composite_editable_in_cart":false,"composite_sold_individually_context":"","composite_shop_price_calc":"","composite_components":[],"composite_scenarios":[],"acf":[],"_links":{"self":[{"href":"https:\/\/aqpf.qc.ca\/en\/wp-json\/wp\/v2\/product\/29689","targetHints":{"allow":["GET"]}}],"collection":[{"href":"https:\/\/aqpf.qc.ca\/en\/wp-json\/wp\/v2\/product"}],"about":[{"href":"https:\/\/aqpf.qc.ca\/en\/wp-json\/wp\/v2\/types\/product"}],"wp:attachment":[{"href":"https:\/\/aqpf.qc.ca\/en\/wp-json\/wp\/v2\/media?parent=29689"}],"wp:term":[{"taxonomy":"product_brand","embeddable":true,"href":"https:\/\/aqpf.qc.ca\/en\/wp-json\/wp\/v2\/product_brand?post=29689"},{"taxonomy":"product_cat","embeddable":true,"href":"https:\/\/aqpf.qc.ca\/en\/wp-json\/wp\/v2\/product_cat?post=29689"},{"taxonomy":"product_tag","embeddable":true,"href":"https:\/\/aqpf.qc.ca\/en\/wp-json\/wp\/v2\/product_tag?post=29689"}],"curies":[{"name":"wp","href":"https:\/\/api.w.org\/{rel}","templated":true}]}}