{"id":29698,"date":"2024-03-13T15:17:52","date_gmt":"2024-03-13T19:17:52","guid":{"rendered":"https:\/\/aqpf.qc.ca\/?post_type=product&#038;p=29698"},"modified":"2025-05-26T11:41:22","modified_gmt":"2025-05-26T15:41:22","slug":"option-e-ligne-complete-bas-de-page-description-atelier-guide-du-congressiste-2024","status":"publish","type":"product","link":"https:\/\/aqpf.qc.ca\/en\/abonnement\/option-e-ligne-complete-bas-de-page-description-atelier-guide-du-congressiste-2024\/","title":{"rendered":"Option C : Ligne compl\u00e8te (bas de page description atelier) &#8211; Guide du congressiste 2024"},"content":{"rendered":"<p>Pour le congr\u00e8s 2024, l\u2019AQPF maintient son virage vert!<\/p>\n<p>Le guide du congressiste sera, encore cette ann\u00e9e, disponible sous forme d\u2019une page Google, c\u2019est \u00e0 dire dans un format accessible uniquement en ligne. Toutes les ressources des communications y seront d\u00e9pos\u00e9es, donc les congressistes pourront les consulter m\u00eame apr\u00e8s l\u2019\u00e9v\u00e8nement.<br \/>\nUn lien cliquable vers l\u2019entreprise partenaire y sera int\u00e9gr\u00e9.<\/p>\n<p>Plusieurs options sont toujours disponibles afin de mettre de l\u2019avant nos pr\u00e9cieux partenaires. C\u2019est l\u2019occasion de vous faire remarquer<br \/>\naupr\u00e8s des congressistes en ligne et en pr\u00e9sence.<\/p>\n<p>Date de tomb\u00e9e : 1er octobre 2024<\/p>\n<p>\u2022 Les taxes ne sont pas incluses dans les prix mentionn\u00e9s ;<br \/>\n\u2022 Toutes les publicit\u00e9s devront \u00eatre approuv\u00e9es avant publication;<br \/>\n\u2022 Aucune possibilit\u00e9 d\u2019annulation au-del\u00e0 de 30 jours avant la date de tomb\u00e9e des annonces ;<br \/>\n\u2022 Les annonceurs recevront un exemplaire num\u00e9rique justificatif de la publication.<\/p>\n","protected":false},"excerpt":{"rendered":"<p>Espace publicitaire dans les diff\u00e9rents v\u00e9hicules de promotion du congr\u00e8s.<\/p>\n","protected":false},"featured_media":0,"template":"","meta":{"_acf_changed":false},"product_brand":[],"product_cat":[574,510],"product_tag":[575],"class_list":{"0":"post-29698","1":"product","2":"type-product","3":"status-publish","5":"product_cat-574","6":"product_cat-guide-congressiste","7":"product_tag-575","8":"member-discount","9":"discount-restricted","11":"first","12":"outofstock","13":"virtual","14":"taxable","15":"purchasable","16":"product-type-simple"},"composite_layout":"","composite_add_to_cart_form_location":"","composite_editable_in_cart":false,"composite_sold_individually_context":"","composite_shop_price_calc":"","composite_components":[],"composite_scenarios":[],"acf":[],"_links":{"self":[{"href":"https:\/\/aqpf.qc.ca\/en\/wp-json\/wp\/v2\/product\/29698","targetHints":{"allow":["GET"]}}],"collection":[{"href":"https:\/\/aqpf.qc.ca\/en\/wp-json\/wp\/v2\/product"}],"about":[{"href":"https:\/\/aqpf.qc.ca\/en\/wp-json\/wp\/v2\/types\/product"}],"wp:attachment":[{"href":"https:\/\/aqpf.qc.ca\/en\/wp-json\/wp\/v2\/media?parent=29698"}],"wp:term":[{"taxonomy":"product_brand","embeddable":true,"href":"https:\/\/aqpf.qc.ca\/en\/wp-json\/wp\/v2\/product_brand?post=29698"},{"taxonomy":"product_cat","embeddable":true,"href":"https:\/\/aqpf.qc.ca\/en\/wp-json\/wp\/v2\/product_cat?post=29698"},{"taxonomy":"product_tag","embeddable":true,"href":"https:\/\/aqpf.qc.ca\/en\/wp-json\/wp\/v2\/product_tag?post=29698"}],"curies":[{"name":"wp","href":"https:\/\/api.w.org\/{rel}","templated":true}]}}