{"id":31451,"date":"2024-06-01T22:20:04","date_gmt":"2024-06-02T02:20:04","guid":{"rendered":"https:\/\/aqpf.qc.ca\/?post_type=product&#038;p=31451"},"modified":"2025-09-22T16:15:39","modified_gmt":"2025-09-22T20:15:39","slug":"membre-regulier-2-ans","status":"publish","type":"product","link":"https:\/\/aqpf.qc.ca\/en\/abonnement\/membre-regulier-2-ans\/","title":{"rendered":"Membre r\u00e9gulier 2 ans"},"content":{"rendered":"<p>Abonnement de 2 ans \u00e0 l&#8217;AQPF.<\/p>\n","protected":false},"excerpt":{"rendered":"<p>Abonnement r\u00e9gulier de 2 ans \u00e0 l&#8217;AQPF.<\/p>\n<p>Si votre adh\u00e9sion est \u00e9chue, vous pouvez la renouveler \u00e0 partir de votre <a href=\"\/my-account\/\">espace membre<\/a>.<\/p>\n","protected":false},"featured_media":31364,"template":"","meta":{"_acf_changed":false},"product_brand":[],"product_cat":[502,503,52],"product_tag":[],"class_list":{"0":"post-31451","1":"product","2":"type-product","3":"status-publish","4":"has-post-thumbnail","6":"product_cat-502","7":"product_cat-2022a","8":"product_cat-abonnement","10":"first","11":"instock","12":"virtual","13":"sold-individually","14":"taxable","15":"purchasable","16":"product-type-subscription"},"composite_layout":"","composite_add_to_cart_form_location":"","composite_editable_in_cart":false,"composite_sold_individually_context":"","composite_shop_price_calc":"","composite_components":[],"composite_scenarios":[],"acf":[],"_links":{"self":[{"href":"https:\/\/aqpf.qc.ca\/en\/wp-json\/wp\/v2\/product\/31451","targetHints":{"allow":["GET"]}}],"collection":[{"href":"https:\/\/aqpf.qc.ca\/en\/wp-json\/wp\/v2\/product"}],"about":[{"href":"https:\/\/aqpf.qc.ca\/en\/wp-json\/wp\/v2\/types\/product"}],"wp:featuredmedia":[{"embeddable":true,"href":"https:\/\/aqpf.qc.ca\/en\/wp-json\/wp\/v2\/media\/31364"}],"wp:attachment":[{"href":"https:\/\/aqpf.qc.ca\/en\/wp-json\/wp\/v2\/media?parent=31451"}],"wp:term":[{"taxonomy":"product_brand","embeddable":true,"href":"https:\/\/aqpf.qc.ca\/en\/wp-json\/wp\/v2\/product_brand?post=31451"},{"taxonomy":"product_cat","embeddable":true,"href":"https:\/\/aqpf.qc.ca\/en\/wp-json\/wp\/v2\/product_cat?post=31451"},{"taxonomy":"product_tag","embeddable":true,"href":"https:\/\/aqpf.qc.ca\/en\/wp-json\/wp\/v2\/product_tag?post=31451"}],"curies":[{"name":"wp","href":"https:\/\/api.w.org\/{rel}","templated":true}]}}