{"id":33756,"date":"2024-06-02T16:07:04","date_gmt":"2024-06-02T20:07:04","guid":{"rendered":"https:\/\/aqpf.qc.ca\/?post_type=product&#038;p=33756"},"modified":"2025-09-22T16:15:34","modified_gmt":"2025-09-22T20:15:34","slug":"membre-regulier-1-an","status":"publish","type":"product","link":"https:\/\/aqpf.qc.ca\/en\/abonnement\/membre-regulier-1-an\/","title":{"rendered":"Membre r\u00e9gulier 1 an"},"content":{"rendered":"<p>Abonnement de 1 an \u00e0 l&#8217;AQPF.<\/p>\n","protected":false},"excerpt":{"rendered":"<p>Abonnement r\u00e9gulier de 1 an \u00e0 l&#8217;AQPF.<\/p>\n<p>Si votre adh\u00e9sion est \u00e9chue, vous pouvez la renouveler \u00e0 partir de votre <a href=\"\/my-account\/\">espace membre<\/a>.<\/p>\n","protected":false},"featured_media":31371,"template":"","meta":{"_acf_changed":false},"product_brand":[],"product_cat":[502,503,52],"product_tag":[],"class_list":{"0":"post-33756","1":"product","2":"type-product","3":"status-publish","4":"has-post-thumbnail","6":"product_cat-502","7":"product_cat-2022a","8":"product_cat-abonnement","10":"first","11":"instock","12":"virtual","13":"taxable","14":"purchasable","15":"product-type-subscription"},"composite_layout":"","composite_add_to_cart_form_location":"","composite_editable_in_cart":false,"composite_sold_individually_context":"","composite_shop_price_calc":"","composite_components":[],"composite_scenarios":[],"acf":[],"_links":{"self":[{"href":"https:\/\/aqpf.qc.ca\/en\/wp-json\/wp\/v2\/product\/33756","targetHints":{"allow":["GET"]}}],"collection":[{"href":"https:\/\/aqpf.qc.ca\/en\/wp-json\/wp\/v2\/product"}],"about":[{"href":"https:\/\/aqpf.qc.ca\/en\/wp-json\/wp\/v2\/types\/product"}],"wp:featuredmedia":[{"embeddable":true,"href":"https:\/\/aqpf.qc.ca\/en\/wp-json\/wp\/v2\/media\/31371"}],"wp:attachment":[{"href":"https:\/\/aqpf.qc.ca\/en\/wp-json\/wp\/v2\/media?parent=33756"}],"wp:term":[{"taxonomy":"product_brand","embeddable":true,"href":"https:\/\/aqpf.qc.ca\/en\/wp-json\/wp\/v2\/product_brand?post=33756"},{"taxonomy":"product_cat","embeddable":true,"href":"https:\/\/aqpf.qc.ca\/en\/wp-json\/wp\/v2\/product_cat?post=33756"},{"taxonomy":"product_tag","embeddable":true,"href":"https:\/\/aqpf.qc.ca\/en\/wp-json\/wp\/v2\/product_tag?post=33756"}],"curies":[{"name":"wp","href":"https:\/\/api.w.org\/{rel}","templated":true}]}}