{"id":36184,"date":"2024-10-16T13:19:25","date_gmt":"2024-10-16T17:19:25","guid":{"rendered":"https:\/\/aqpf.qc.ca\/?post_type=product&#038;p=36184"},"modified":"2025-02-12T10:20:18","modified_gmt":"2025-02-12T15:20:18","slug":"une-nouvelle-en-trois-plans","status":"publish","type":"product","link":"https:\/\/aqpf.qc.ca\/en\/abonnement\/une-nouvelle-en-trois-plans\/","title":{"rendered":"Une nouvelle en trois plans"},"content":{"rendered":"<p>Alors que lire des nouvelles litt\u00e9raires suscite l\u2019enthousiasme chez la plupart des \u00e9l\u00e8ves, en \u00e9crire am\u00e8ne son lot de difficult\u00e9s. Quel.le enseignant.e n\u2019a jamais constat\u00e9, apr\u00e8s avoir mis des heures \u00e0 corriger une premi\u00e8re nouvelle litt\u00e9raire, que la deuxi\u00e8me tentative de ses \u00e9l\u00e8ves est \u00e0 peine meilleure ?<\/p>\n<p>&nbsp;<\/p>\n<p>Quand l\u2019essentiel du travail de r\u00e9daction consiste \u00e0 la mise en texte, sans r\u00e9elle planification ni r\u00e9vision si ce n\u2019est qu\u2019une simple v\u00e9rification linguistique faite en surface, il ne faut pas se surprendre de lire des histoires qui sont non seulement truff\u00e9es d\u2019erreurs, mais aussi qui manquent de coh\u00e9rence et dont le d\u00e9nouement \u00abinattendu\u00bb se r\u00e9sume \u00e0 des clich\u00e9s.<\/p>\n<p>&nbsp;<\/p>\n<p>Dans la d\u00e9marche propos\u00e9e ici, nous pr\u00e9senterons des moyens de mettre l\u2019\u00e9l\u00e8ve au centre de ses apprentissages, que ce soit par l&#8217;accent mis sur chacune des \u00e9tapes de l\u2019\u00e9criture ou par la fa\u00e7on dont on donne \u00e0 l&#8217;\u00e9l\u00e8ve des r\u00e9troactions efficaces.<\/p>\n","protected":false},"excerpt":{"rendered":"<p>Alors que lire des nouvelles litt\u00e9raires suscite l\u2019enthousiasme chez la plupart des \u00e9l\u00e8ves, en \u00e9crire am\u00e8ne son lot de difficult\u00e9s. Quel.le enseignant.e n\u2019a jamais constat\u00e9, apr\u00e8s avoir mis des heures \u00e0 corriger une premi\u00e8re nouvelle litt\u00e9raire, que la deuxi\u00e8me tentative de ses \u00e9l\u00e8ves est \u00e0 peine meilleure ? &nbsp; Quand l\u2019essentiel du travail de r\u00e9daction [&hellip;]<\/p>\n","protected":false},"featured_media":36947,"template":"","meta":{"_acf_changed":false},"product_brand":[],"product_cat":[601],"product_tag":[],"class_list":{"0":"post-36184","1":"product","2":"type-product","3":"status-publish","4":"has-post-thumbnail","6":"product_cat-formations","8":"first","9":"instock","10":"downloadable","11":"virtual","12":"taxable","13":"purchasable","14":"product-type-simple"},"composite_layout":"","composite_add_to_cart_form_location":"","composite_editable_in_cart":false,"composite_sold_individually_context":"","composite_shop_price_calc":"","composite_components":[],"composite_scenarios":[],"acf":[],"_links":{"self":[{"href":"https:\/\/aqpf.qc.ca\/en\/wp-json\/wp\/v2\/product\/36184","targetHints":{"allow":["GET"]}}],"collection":[{"href":"https:\/\/aqpf.qc.ca\/en\/wp-json\/wp\/v2\/product"}],"about":[{"href":"https:\/\/aqpf.qc.ca\/en\/wp-json\/wp\/v2\/types\/product"}],"wp:featuredmedia":[{"embeddable":true,"href":"https:\/\/aqpf.qc.ca\/en\/wp-json\/wp\/v2\/media\/36947"}],"wp:attachment":[{"href":"https:\/\/aqpf.qc.ca\/en\/wp-json\/wp\/v2\/media?parent=36184"}],"wp:term":[{"taxonomy":"product_brand","embeddable":true,"href":"https:\/\/aqpf.qc.ca\/en\/wp-json\/wp\/v2\/product_brand?post=36184"},{"taxonomy":"product_cat","embeddable":true,"href":"https:\/\/aqpf.qc.ca\/en\/wp-json\/wp\/v2\/product_cat?post=36184"},{"taxonomy":"product_tag","embeddable":true,"href":"https:\/\/aqpf.qc.ca\/en\/wp-json\/wp\/v2\/product_tag?post=36184"}],"curies":[{"name":"wp","href":"https:\/\/api.w.org\/{rel}","templated":true}]}}