{"id":37243,"date":"2025-02-11T14:46:36","date_gmt":"2025-02-11T19:46:36","guid":{"rendered":"https:\/\/aqpf.qc.ca\/?post_type=product&#038;p=37243"},"modified":"2025-06-18T09:33:19","modified_gmt":"2025-06-18T13:33:19","slug":"option-a-diner-90-minutes","status":"publish","type":"product","link":"https:\/\/aqpf.qc.ca\/en\/abonnement\/option-a-diner-90-minutes\/","title":{"rendered":"Option A : Diner (90 minutes)"},"content":{"rendered":"<p>Les entreprises qui offrent des produits et des services en lien avec l\u2019\u00e9ducation ont l\u2019opportunit\u00e9 de commanditer et d\u2019\u00eatre sur place lors de quelques \u00e9v\u00e8nements du congr\u00e8s 2025, afin de pr\u00e9senter et de vendre leurs produits et services.<\/p>\n<p>Tous les \u00e9v\u00e8nements commandit\u00e9s incluent :<br \/>\n\u2022 le logo de votre entreprise dans le guide du congressiste;<br \/>\n\u2022 une table \u00e0 l\u2019entr\u00e9e de l\u2019\u00e9v\u00e8nement pour la dur\u00e9e de celui-ci;<br \/>\n\u2022 une publicit\u00e9 sur nos r\u00e9seaux sociaux.<\/p>\n<p>\u2022 Les taxes ne sont pas incluses dans les prix mentionn\u00e9s ;<br \/>\n\u2022 Aucun remboursement si annulation dans les 60 jours avant l\u2019\u00e9v\u00e8nement;<br \/>\n\u2022 *100 $ de rabais lors de l\u2019achat d\u2019un \u00e9v\u00e8nement commandit\u00e9 ET d\u2019une publicit\u00e9 dans le guide du congressiste.<\/p>\n","protected":false},"excerpt":{"rendered":"<p>Les entreprises qui offrent des produits et des services en lien avec l\u2019\u00e9ducation ont l\u2019opportunit\u00e9 de commanditer et d\u2019\u00eatre sur place lors de quelques \u00e9v\u00e8nements du congr\u00e8s 2025, afin de pr\u00e9senter et de vendre leurs produits et services. Tous les \u00e9v\u00e8nements commandit\u00e9s incluent : \u2022 le logo de votre entreprise dans le guide du congressiste; [&hellip;]<\/p>\n","protected":false},"featured_media":0,"template":"","meta":{"_acf_changed":false},"product_brand":[],"product_cat":[644,571],"product_tag":[643],"class_list":{"0":"post-37243","1":"product","2":"type-product","3":"status-publish","5":"product_cat-644","6":"product_cat-evenements-commandites","7":"product_tag-643","8":"member-discount","9":"discount-restricted","11":"first","12":"outofstock","13":"virtual","14":"taxable","15":"purchasable","16":"product-type-simple"},"composite_layout":"","composite_add_to_cart_form_location":"","composite_editable_in_cart":false,"composite_sold_individually_context":"","composite_shop_price_calc":"","composite_components":[],"composite_scenarios":[],"acf":[],"_links":{"self":[{"href":"https:\/\/aqpf.qc.ca\/en\/wp-json\/wp\/v2\/product\/37243","targetHints":{"allow":["GET"]}}],"collection":[{"href":"https:\/\/aqpf.qc.ca\/en\/wp-json\/wp\/v2\/product"}],"about":[{"href":"https:\/\/aqpf.qc.ca\/en\/wp-json\/wp\/v2\/types\/product"}],"wp:attachment":[{"href":"https:\/\/aqpf.qc.ca\/en\/wp-json\/wp\/v2\/media?parent=37243"}],"wp:term":[{"taxonomy":"product_brand","embeddable":true,"href":"https:\/\/aqpf.qc.ca\/en\/wp-json\/wp\/v2\/product_brand?post=37243"},{"taxonomy":"product_cat","embeddable":true,"href":"https:\/\/aqpf.qc.ca\/en\/wp-json\/wp\/v2\/product_cat?post=37243"},{"taxonomy":"product_tag","embeddable":true,"href":"https:\/\/aqpf.qc.ca\/en\/wp-json\/wp\/v2\/product_tag?post=37243"}],"curies":[{"name":"wp","href":"https:\/\/api.w.org\/{rel}","templated":true}]}}