{"id":37244,"date":"2025-02-11T14:47:01","date_gmt":"2025-02-11T19:47:01","guid":{"rendered":"https:\/\/aqpf.qc.ca\/?post_type=product&#038;p=37244"},"modified":"2026-03-27T11:39:24","modified_gmt":"2026-03-27T15:39:24","slug":"option-b-bas-de-la-page-horaire-ou-messages-guide-du-congressiste-2025","status":"publish","type":"product","link":"https:\/\/aqpf.qc.ca\/en\/abonnement\/option-b-bas-de-la-page-horaire-ou-messages-guide-du-congressiste-2025\/","title":{"rendered":"Option B : Bas de la page Horaire ou Messages &#8211; Guide du congressiste 2025"},"content":{"rendered":"<p>Pour le congr\u00e8s 2025, l\u2019AQPF maintient son virage vert!<\/p>\n<p>Le guide du congressiste sera, encore cette ann\u00e9e, disponible sous forme d\u2019une page Google, c\u2019est-\u00e0-dire dans un format accessible uniquement en ligne. Toutes les ressources des communications y seront d\u00e9pos\u00e9es, donc les congressistes pourront les consulter m\u00eame apr\u00e8s l\u2019\u00e9v\u00e8nement. Un lien cliquable vers l\u2019entreprise partenaire y sera int\u00e9gr\u00e9.<\/p>\n<p>Plusieurs options sont toujours disponibles afin de mettre de l\u2019avant nos pr\u00e9cieux partenaires. C\u2019est l\u2019occasion de vous faire remarquer aupr\u00e8s des congressistes en ligne et en pr\u00e9sence.<\/p>\n<p>Date de tomb\u00e9e : 1er octobre 2025<\/p>\n<p>\u2022 Les taxes ne sont pas incluses dans les prix mentionn\u00e9s ;<br \/>\n\u2022 Toutes les publicit\u00e9s devront \u00eatre approuv\u00e9es avant publication;<br \/>\n\u2022 Aucune possibilit\u00e9 d\u2019annulation au-del\u00e0 de 30 jours avant la date de tomb\u00e9e des annonces ;<br \/>\n\u2022 Les annonceurs recevront un exemplaire num\u00e9rique justificatif de la publication.<\/p>\n","protected":false},"excerpt":{"rendered":"<p>Espace publicitaire dans les diff\u00e9rents v\u00e9hicules de promotion du congr\u00e8s.<\/p>\n","protected":false},"featured_media":0,"template":"","meta":{"_acf_changed":false},"product_brand":[],"product_cat":[644,510],"product_tag":[643],"class_list":{"0":"post-37244","1":"product","2":"type-product","3":"status-publish","5":"product_cat-644","6":"product_cat-guide-congressiste","7":"product_tag-643","8":"member-discount","9":"discount-restricted","11":"first","12":"outofstock","13":"virtual","14":"taxable","15":"purchasable","16":"product-type-simple"},"composite_layout":"","composite_add_to_cart_form_location":"","composite_editable_in_cart":false,"composite_sold_individually_context":"","composite_shop_price_calc":"","composite_components":[],"composite_scenarios":[],"acf":[],"_links":{"self":[{"href":"https:\/\/aqpf.qc.ca\/en\/wp-json\/wp\/v2\/product\/37244","targetHints":{"allow":["GET"]}}],"collection":[{"href":"https:\/\/aqpf.qc.ca\/en\/wp-json\/wp\/v2\/product"}],"about":[{"href":"https:\/\/aqpf.qc.ca\/en\/wp-json\/wp\/v2\/types\/product"}],"wp:attachment":[{"href":"https:\/\/aqpf.qc.ca\/en\/wp-json\/wp\/v2\/media?parent=37244"}],"wp:term":[{"taxonomy":"product_brand","embeddable":true,"href":"https:\/\/aqpf.qc.ca\/en\/wp-json\/wp\/v2\/product_brand?post=37244"},{"taxonomy":"product_cat","embeddable":true,"href":"https:\/\/aqpf.qc.ca\/en\/wp-json\/wp\/v2\/product_cat?post=37244"},{"taxonomy":"product_tag","embeddable":true,"href":"https:\/\/aqpf.qc.ca\/en\/wp-json\/wp\/v2\/product_tag?post=37244"}],"curies":[{"name":"wp","href":"https:\/\/api.w.org\/{rel}","templated":true}]}}