{"id":37826,"date":"2025-05-20T13:45:35","date_gmt":"2025-05-20T17:45:35","guid":{"rendered":"https:\/\/aqpf.qc.ca\/?post_type=product&#038;p=37826"},"modified":"2025-07-15T16:23:05","modified_gmt":"2025-07-15T20:23:05","slug":"photo-avec-lien-clicable-septembre-2025","status":"publish","type":"product","link":"https:\/\/aqpf.qc.ca\/en\/abonnement\/photo-avec-lien-clicable-septembre-2025\/","title":{"rendered":"Photo avec lien clicable &#8211; (09)Septembre 2025"},"content":{"rendered":"<ul>\n<li>Les taxes ne sont pas incluses dans le prix mentionn\u00e9 ;<\/li>\n<li>Toutes les publicit\u00e9s devront \u00eatre approuv\u00e9es avant publication ;<\/li>\n<li>Aucune possibilit\u00e9 d\u2019annulation ni de remboursement au-del\u00e0 de 30 jours avant la date de tomb\u00e9e des annonces ;<\/li>\n<li>Les annonceurs recevront un exemplaire justificatif de la publication.<\/li>\n<\/ul>\n<p>Date de tomb\u00e9e : Le 20e jour du mois pr\u00e9c\u00e9dent<\/p>\n","protected":false},"excerpt":{"rendered":"<p>Les taxes ne sont pas incluses dans le prix mentionn\u00e9 ; Toutes les publicit\u00e9s devront \u00eatre approuv\u00e9es avant publication ; Aucune possibilit\u00e9 d\u2019annulation ni de remboursement au-del\u00e0 de 30 jours avant la date de tomb\u00e9e des annonces ; Les annonceurs recevront un exemplaire justificatif de la publication. Date de tomb\u00e9e : Le 20e jour du [&hellip;]<\/p>\n","protected":false},"featured_media":0,"template":"","meta":{"_acf_changed":false},"product_brand":[],"product_cat":[644,129],"product_tag":[643],"class_list":{"0":"post-37826","1":"product","2":"type-product","3":"status-publish","5":"product_cat-644","6":"product_cat-partenaire","7":"product_tag-643","8":"member-discount","9":"discount-restricted","11":"first","12":"outofstock","13":"virtual","14":"taxable","15":"purchasable","16":"product-type-simple"},"composite_layout":"","composite_add_to_cart_form_location":"","composite_editable_in_cart":false,"composite_sold_individually_context":"","composite_shop_price_calc":"","composite_components":[],"composite_scenarios":[],"acf":[],"_links":{"self":[{"href":"https:\/\/aqpf.qc.ca\/en\/wp-json\/wp\/v2\/product\/37826","targetHints":{"allow":["GET"]}}],"collection":[{"href":"https:\/\/aqpf.qc.ca\/en\/wp-json\/wp\/v2\/product"}],"about":[{"href":"https:\/\/aqpf.qc.ca\/en\/wp-json\/wp\/v2\/types\/product"}],"wp:attachment":[{"href":"https:\/\/aqpf.qc.ca\/en\/wp-json\/wp\/v2\/media?parent=37826"}],"wp:term":[{"taxonomy":"product_brand","embeddable":true,"href":"https:\/\/aqpf.qc.ca\/en\/wp-json\/wp\/v2\/product_brand?post=37826"},{"taxonomy":"product_cat","embeddable":true,"href":"https:\/\/aqpf.qc.ca\/en\/wp-json\/wp\/v2\/product_cat?post=37826"},{"taxonomy":"product_tag","embeddable":true,"href":"https:\/\/aqpf.qc.ca\/en\/wp-json\/wp\/v2\/product_tag?post=37826"}],"curies":[{"name":"wp","href":"https:\/\/api.w.org\/{rel}","templated":true}]}}