{"id":39890,"date":"2025-12-18T11:08:53","date_gmt":"2025-12-18T16:08:53","guid":{"rendered":"https:\/\/aqpf.qc.ca\/?post_type=product&#038;p=39890"},"modified":"2026-01-26T10:49:59","modified_gmt":"2026-01-26T15:49:59","slug":"au-dela-du-pdf-la-litterature-numerique-et-ses-facettes","status":"publish","type":"product","link":"https:\/\/aqpf.qc.ca\/en\/abonnement\/au-dela-du-pdf-la-litterature-numerique-et-ses-facettes\/","title":{"rendered":"Au-del\u00e0 du PDF : la litt\u00e9rature num\u00e9rique et ses facettes"},"content":{"rendered":"<p>Au-del\u00e0 du PDF : la litt\u00e9rature num\u00e9rique et ses facettes<\/p>\n","protected":false},"excerpt":{"rendered":"<p><strong>Titre de la formation : Au-del\u00e0 du PDF : la litt\u00e9rature num\u00e9rique et ses facettes<\/strong><\/p>\n","protected":false},"featured_media":39891,"template":"","meta":{"_acf_changed":false},"product_brand":[],"product_cat":[601],"product_tag":[],"class_list":{"0":"post-39890","1":"product","2":"type-product","3":"status-publish","4":"has-post-thumbnail","6":"product_cat-formations","8":"first","9":"instock","10":"downloadable","11":"virtual","12":"taxable","13":"purchasable","14":"product-type-simple"},"composite_layout":"","composite_add_to_cart_form_location":"","composite_editable_in_cart":false,"composite_sold_individually_context":"","composite_shop_price_calc":"","composite_components":[],"composite_scenarios":[],"acf":[],"_links":{"self":[{"href":"https:\/\/aqpf.qc.ca\/en\/wp-json\/wp\/v2\/product\/39890","targetHints":{"allow":["GET"]}}],"collection":[{"href":"https:\/\/aqpf.qc.ca\/en\/wp-json\/wp\/v2\/product"}],"about":[{"href":"https:\/\/aqpf.qc.ca\/en\/wp-json\/wp\/v2\/types\/product"}],"wp:featuredmedia":[{"embeddable":true,"href":"https:\/\/aqpf.qc.ca\/en\/wp-json\/wp\/v2\/media\/39891"}],"wp:attachment":[{"href":"https:\/\/aqpf.qc.ca\/en\/wp-json\/wp\/v2\/media?parent=39890"}],"wp:term":[{"taxonomy":"product_brand","embeddable":true,"href":"https:\/\/aqpf.qc.ca\/en\/wp-json\/wp\/v2\/product_brand?post=39890"},{"taxonomy":"product_cat","embeddable":true,"href":"https:\/\/aqpf.qc.ca\/en\/wp-json\/wp\/v2\/product_cat?post=39890"},{"taxonomy":"product_tag","embeddable":true,"href":"https:\/\/aqpf.qc.ca\/en\/wp-json\/wp\/v2\/product_tag?post=39890"}],"curies":[{"name":"wp","href":"https:\/\/api.w.org\/{rel}","templated":true}]}}