{"id":40068,"date":"2026-01-26T07:40:21","date_gmt":"2026-01-26T12:40:21","guid":{"rendered":"https:\/\/aqpf.qc.ca\/?post_type=product&#038;p=40068"},"modified":"2026-01-26T13:22:16","modified_gmt":"2026-01-26T18:22:16","slug":"valoriser-et-accompagner-la-lecture-au-choix-de-nos-eleves","status":"publish","type":"product","link":"https:\/\/aqpf.qc.ca\/en\/abonnement\/valoriser-et-accompagner-la-lecture-au-choix-de-nos-eleves\/","title":{"rendered":"Valoriser et accompagner la lecture au choix de nos \u00e9l\u00e8ves"},"content":{"rendered":"<p>Valoriser et accompagner la lecture au choix de nos \u00e9l\u00e8ves<\/p>\n","protected":false},"excerpt":{"rendered":"<p><strong>Titre de la formation : Valoriser et accompagner la lecture au choix de nos \u00e9l\u00e8ves<\/strong><\/p>\n","protected":false},"featured_media":40086,"template":"","meta":{"_acf_changed":false},"product_brand":[],"product_cat":[601],"product_tag":[],"class_list":{"0":"post-40068","1":"product","2":"type-product","3":"status-publish","4":"has-post-thumbnail","6":"product_cat-formations","8":"first","9":"instock","10":"downloadable","11":"virtual","12":"taxable","13":"purchasable","14":"product-type-simple"},"composite_layout":"","composite_add_to_cart_form_location":"","composite_editable_in_cart":false,"composite_sold_individually_context":"","composite_shop_price_calc":"","composite_components":[],"composite_scenarios":[],"acf":[],"_links":{"self":[{"href":"https:\/\/aqpf.qc.ca\/en\/wp-json\/wp\/v2\/product\/40068","targetHints":{"allow":["GET"]}}],"collection":[{"href":"https:\/\/aqpf.qc.ca\/en\/wp-json\/wp\/v2\/product"}],"about":[{"href":"https:\/\/aqpf.qc.ca\/en\/wp-json\/wp\/v2\/types\/product"}],"wp:featuredmedia":[{"embeddable":true,"href":"https:\/\/aqpf.qc.ca\/en\/wp-json\/wp\/v2\/media\/40086"}],"wp:attachment":[{"href":"https:\/\/aqpf.qc.ca\/en\/wp-json\/wp\/v2\/media?parent=40068"}],"wp:term":[{"taxonomy":"product_brand","embeddable":true,"href":"https:\/\/aqpf.qc.ca\/en\/wp-json\/wp\/v2\/product_brand?post=40068"},{"taxonomy":"product_cat","embeddable":true,"href":"https:\/\/aqpf.qc.ca\/en\/wp-json\/wp\/v2\/product_cat?post=40068"},{"taxonomy":"product_tag","embeddable":true,"href":"https:\/\/aqpf.qc.ca\/en\/wp-json\/wp\/v2\/product_tag?post=40068"}],"curies":[{"name":"wp","href":"https:\/\/api.w.org\/{rel}","templated":true}]}}