{"id":40178,"date":"2026-03-12T11:05:33","date_gmt":"2026-03-12T15:05:33","guid":{"rendered":"https:\/\/aqpf.qc.ca\/?post_type=product&#038;p=40178"},"modified":"2026-03-12T13:09:47","modified_gmt":"2026-03-12T17:09:47","slug":"cahiers-automne-2026-option-b-la-2e-de-couverture-pleine-page","status":"publish","type":"product","link":"https:\/\/aqpf.qc.ca\/en\/abonnement\/cahiers-automne-2026-option-b-la-2e-de-couverture-pleine-page\/","title":{"rendered":"Cahiers printemps 2026 &#8211; Option B : La 2e de couverture, pleine page"},"content":{"rendered":"<p>Les <em>Cahiers<\/em>\u00a0<em>de l\u2019AQPF<\/em> sont publi\u00e9s en mai et en novembre, distribu\u00e9s \u00e0 tous les membres de l\u2019Association et archiv\u00e9s sur notre site.<\/p>\n<ul>\n<li>Les taxes ne sont pas incluses dans les prix mentionn\u00e9s ;<\/li>\n<li>Toutes les publicit\u00e9s devront \u00eatre approuv\u00e9es avant publication ;<\/li>\n<li>Aucune possibilit\u00e9 d\u2019annulation ni de remboursement au-del\u00e0 de 30 jours avant la date de tomb\u00e9e des annonces ;<\/li>\n<li>Les annonceurs recevront un exemplaire justificatif de la publication.<\/li>\n<\/ul>\n<p>Date de tomb\u00e9e pour la publication de l&#8217;automne 2026 : 15 avril 2026<\/p>\n","protected":false},"excerpt":{"rendered":"<p>Les Cahiers\u00a0de l\u2019AQPF sont publi\u00e9s en mai et en novembre, distribu\u00e9s \u00e0 tous les membres de l\u2019Association et archiv\u00e9s sur notre site. Les taxes ne sont pas incluses dans les prix mentionn\u00e9s ; Toutes les publicit\u00e9s devront \u00eatre approuv\u00e9es avant publication ; Aucune possibilit\u00e9 d\u2019annulation ni de remboursement au-del\u00e0 de 30 jours avant la date [&hellip;]<\/p>\n","protected":false},"featured_media":0,"template":"","meta":{"_acf_changed":false},"product_brand":[],"product_cat":[509],"product_tag":[666],"class_list":{"0":"post-40178","1":"product","2":"type-product","3":"status-publish","5":"product_cat-cahier","6":"product_tag-666","7":"member-discount","8":"discount-restricted","10":"first","11":"instock","12":"virtual","13":"taxable","14":"purchasable","15":"product-type-simple"},"composite_layout":"","composite_add_to_cart_form_location":"","composite_editable_in_cart":false,"composite_sold_individually_context":"","composite_shop_price_calc":"","composite_components":[],"composite_scenarios":[],"acf":[],"_links":{"self":[{"href":"https:\/\/aqpf.qc.ca\/en\/wp-json\/wp\/v2\/product\/40178","targetHints":{"allow":["GET"]}}],"collection":[{"href":"https:\/\/aqpf.qc.ca\/en\/wp-json\/wp\/v2\/product"}],"about":[{"href":"https:\/\/aqpf.qc.ca\/en\/wp-json\/wp\/v2\/types\/product"}],"wp:attachment":[{"href":"https:\/\/aqpf.qc.ca\/en\/wp-json\/wp\/v2\/media?parent=40178"}],"wp:term":[{"taxonomy":"product_brand","embeddable":true,"href":"https:\/\/aqpf.qc.ca\/en\/wp-json\/wp\/v2\/product_brand?post=40178"},{"taxonomy":"product_cat","embeddable":true,"href":"https:\/\/aqpf.qc.ca\/en\/wp-json\/wp\/v2\/product_cat?post=40178"},{"taxonomy":"product_tag","embeddable":true,"href":"https:\/\/aqpf.qc.ca\/en\/wp-json\/wp\/v2\/product_tag?post=40178"}],"curies":[{"name":"wp","href":"https:\/\/api.w.org\/{rel}","templated":true}]}}