{"id":40184,"date":"2026-03-12T11:30:27","date_gmt":"2026-03-12T15:30:27","guid":{"rendered":"https:\/\/aqpf.qc.ca\/?post_type=product&#038;p=40184"},"modified":"2026-03-12T11:37:37","modified_gmt":"2026-03-12T15:37:37","slug":"membre-culturel-1-an","status":"publish","type":"product","link":"https:\/\/aqpf.qc.ca\/en\/abonnement\/membre-culturel-1-an\/","title":{"rendered":"Membre culturel 1 an"},"content":{"rendered":"<p>Abonnement de 1 an \u00e0 l&#8217;AQPF.<\/p>\n","protected":false},"excerpt":{"rendered":"<p>Abonnement r\u00e9gulier de 1 an \u00e0 l&#8217;AQPF.<\/p>\n<p>Si votre adh\u00e9sion est \u00e9chue, vous pouvez la renouveler \u00e0 partir de votre <a href=\"\/my-account\/\">espace membre<\/a>.<\/p>\n","protected":false},"featured_media":40186,"template":"","meta":{"_acf_changed":false},"product_brand":[],"product_cat":[52,129],"product_tag":[],"class_list":{"0":"post-40184","1":"product","2":"type-product","3":"status-publish","4":"has-post-thumbnail","6":"product_cat-abonnement","7":"product_cat-partenaire","9":"first","10":"instock","11":"virtual","12":"taxable","13":"purchasable","14":"product-type-subscription"},"composite_layout":"","composite_add_to_cart_form_location":"","composite_editable_in_cart":false,"composite_sold_individually_context":"","composite_shop_price_calc":"","composite_components":[],"composite_scenarios":[],"acf":[],"_links":{"self":[{"href":"https:\/\/aqpf.qc.ca\/en\/wp-json\/wp\/v2\/product\/40184","targetHints":{"allow":["GET"]}}],"collection":[{"href":"https:\/\/aqpf.qc.ca\/en\/wp-json\/wp\/v2\/product"}],"about":[{"href":"https:\/\/aqpf.qc.ca\/en\/wp-json\/wp\/v2\/types\/product"}],"wp:featuredmedia":[{"embeddable":true,"href":"https:\/\/aqpf.qc.ca\/en\/wp-json\/wp\/v2\/media\/40186"}],"wp:attachment":[{"href":"https:\/\/aqpf.qc.ca\/en\/wp-json\/wp\/v2\/media?parent=40184"}],"wp:term":[{"taxonomy":"product_brand","embeddable":true,"href":"https:\/\/aqpf.qc.ca\/en\/wp-json\/wp\/v2\/product_brand?post=40184"},{"taxonomy":"product_cat","embeddable":true,"href":"https:\/\/aqpf.qc.ca\/en\/wp-json\/wp\/v2\/product_cat?post=40184"},{"taxonomy":"product_tag","embeddable":true,"href":"https:\/\/aqpf.qc.ca\/en\/wp-json\/wp\/v2\/product_tag?post=40184"}],"curies":[{"name":"wp","href":"https:\/\/api.w.org\/{rel}","templated":true}]}}