{"id":40220,"date":"2026-03-27T13:41:47","date_gmt":"2026-03-27T17:41:47","guid":{"rendered":"https:\/\/aqpf.qc.ca\/?post_type=product&#038;p=40220"},"modified":"2026-04-29T11:38:48","modified_gmt":"2026-04-29T15:38:48","slug":"partenaire-floraison-2027","status":"publish","type":"product","link":"https:\/\/aqpf.qc.ca\/en\/abonnement\/partenaire-floraison-2027\/","title":{"rendered":"Partenaire Floraison 2027"},"content":{"rendered":"<p><strong>Le nom, le logo ou la banni\u00e8re de votre organisme \u00e0 titre de partenaire \u00ab Floraison \u00bb : <\/strong><br \/>\n\u2022 sur les documents promotionnels du congr\u00e8s ;<br \/>\n\u2022 sur les tableaux d\u2019affichage num\u00e9riques ;<br \/>\n\u2022 publication personnalis\u00e9e sur les r\u00e9seaux sociaux de l\u2019AQPF ;<br \/>\n\u2022 sur la page du congr\u00e8s du site Internet de l\u2019AQPF ;<br \/>\n\u2022 mention des partenaires lors des prises de parole pr\u00e9c\u00e9dant les conf\u00e9rences.<\/p>\n<p><strong>Rencontre des congressistes pendant le congr\u00e8s :<\/strong><br \/>\n\u2022 dans un kiosque double (8\u2019 X 16\u2019) au Salon des exposants, avec choix de l\u2019emplacement;<br \/>\n\u2022 lors d\u2019un publiatelier de 75 minutes pour pr\u00e9senter les services et produits de votre organisme.<\/p>\n<p><strong>Espace publicitaire :<\/strong><br \/>\n\u2022 sur la page d\u2019accueil du Guide du congressiste num\u00e9rique ;<br \/>\n\u2022 dans <em>les Cahiers de l\u2019AQPF<\/em>, sur la quatri\u00e8me de couverture;<br \/>\n\u2022 dans trois (3) de nos infolettres.<\/p>\n<p><strong>Privil\u00e8ge :<\/strong><br \/>\n\u2022 deux (2) inscriptions au congr\u00e8s.<\/p>\n<p>*Les taxes ne sont pas incluses dans les prix mentionn\u00e9s ;<br \/>\n*Aucun remboursement si annulation dans les 60 jours avant l\u2019\u00e9v\u00e8nement.<\/p>\n","protected":false},"excerpt":{"rendered":"<p>Le nom, le logo ou la banni\u00e8re de votre organisme \u00e0 titre de partenaire \u00ab Floraison \u00bb : \u2022 sur les documents promotionnels du congr\u00e8s ; \u2022 sur les tableaux d\u2019affichage num\u00e9riques ; \u2022 publication personnalis\u00e9e sur les r\u00e9seaux sociaux de l\u2019AQPF ; \u2022 sur la page du congr\u00e8s du site Internet de l\u2019AQPF ; [&hellip;]<\/p>\n","protected":false},"featured_media":0,"template":"","meta":{"_acf_changed":false},"product_brand":[],"product_cat":[129],"product_tag":[667],"class_list":{"0":"post-40220","1":"product","2":"type-product","3":"status-publish","5":"product_cat-partenaire","6":"product_tag-667","7":"member-discount","8":"discount-restricted","10":"first","11":"outofstock","12":"virtual","13":"taxable","14":"purchasable","15":"product-type-simple"},"composite_layout":"","composite_add_to_cart_form_location":"","composite_editable_in_cart":false,"composite_sold_individually_context":"","composite_shop_price_calc":"","composite_components":[],"composite_scenarios":[],"acf":[],"_links":{"self":[{"href":"https:\/\/aqpf.qc.ca\/en\/wp-json\/wp\/v2\/product\/40220","targetHints":{"allow":["GET"]}}],"collection":[{"href":"https:\/\/aqpf.qc.ca\/en\/wp-json\/wp\/v2\/product"}],"about":[{"href":"https:\/\/aqpf.qc.ca\/en\/wp-json\/wp\/v2\/types\/product"}],"wp:attachment":[{"href":"https:\/\/aqpf.qc.ca\/en\/wp-json\/wp\/v2\/media?parent=40220"}],"wp:term":[{"taxonomy":"product_brand","embeddable":true,"href":"https:\/\/aqpf.qc.ca\/en\/wp-json\/wp\/v2\/product_brand?post=40220"},{"taxonomy":"product_cat","embeddable":true,"href":"https:\/\/aqpf.qc.ca\/en\/wp-json\/wp\/v2\/product_cat?post=40220"},{"taxonomy":"product_tag","embeddable":true,"href":"https:\/\/aqpf.qc.ca\/en\/wp-json\/wp\/v2\/product_tag?post=40220"}],"curies":[{"name":"wp","href":"https:\/\/api.w.org\/{rel}","templated":true}]}}